{"id":618,"date":"2023-05-29T12:42:58","date_gmt":"2023-05-29T12:42:58","guid":{"rendered":"https:\/\/dalmos.hr\/rent-a-car\/"},"modified":"2023-06-12T07:35:00","modified_gmt":"2023-06-12T07:35:00","slug":"rent-a-car","status":"publish","type":"page","link":"https:\/\/dalmos.hr\/pl\/rent-a-car\/","title":{"rendered":"Rent a car"},"content":{"rendered":"[vc_row][vc_column][vc_column_text]Witamy w naszym us\u0142ugowym serwisie premium wynajmu samochod\u00f3w, gdzie z dum\u0105 oferujemy wy\u015bmienity wyb\u00f3r pojazd\u00f3w \u015bredniej do najwy\u017cszej klasy. Bez wzgl\u0119du na to, czy wyruszasz w podr\u00f3\u017c s\u0142u\u017cbow\u0105 czy luksusowy urlop, zapewniamy idealny pojazd, kt\u00f3ry dopasuje si\u0119 do twojego wymagaj\u0105cego gustu i stylu.[\/vc_column_text][\/vc_column][\/vc_row][vc_row][vc_column]<div class=\"woocommerce columns-4 \">\n\t<ul class=\"products wpex-grid wpex-grid-cols-4 wpex-tp-grid-cols-2 wpex-pp-grid-cols-1 wpex-gap-40 wpex-clear\">\n\n\n<li class=\"entry has-media product type-product post-484 status-publish first instock product_cat-rent-a-car has-post-thumbnail sold-individually taxable shipping-taxable purchasable product-type-simple\">\n\t<div class=\"wpex-card wpex-card-product_3\"><a href=\"https:\/\/dalmos.hr\/pl\/product\/ford-transit-custom-combi\/\" aria-label=\"Ford Transit Custom, Combi\" class=\"wpex-card-inner wpex-relative wpex-transition-shadow wpex-duration-150 wpex-hover-shadow-lg wpex-no-underline wpex-inherit-color\"><div class=\"wpex-card-thumbnail wpex-relative\"><img decoding=\"async\" loading=\"lazy\" class=\"wpex-align-middle\" alt=\"Ford Transit Custom, Combi\" src=\"https:\/\/dalmos.hr\/wp-content\/uploads\/2023\/05\/ford-transit_custom-1000x720.jpg\" width=\"1000\" height=\"720\"><\/div><div class=\"wpex-card-details wpex-p-15 wpex-last-mb-0\"><div class=\"wpex-card-terms-list wpex-last-mr-0 wpex-text-3 wpex-child-inherit-color\"><span>Rent a car<\/span><\/div><h2 class=\"wpex-card-title wpex-heading wpex-text-lg wpex-mb-10 wpex-font-semibold\">Ford Transit Custom, Combi<\/h2><div class=\"wpex-card-price wpex-text-1 wpex-text-md wpex-font-semibold\"><span class=\"woocommerce-Price-amount amount\"><bdi>70,00&nbsp;<span class=\"woocommerce-Price-currencySymbol\">&euro;<\/span><\/bdi><\/span><\/div><\/div><\/a><\/div><\/li>\n<li class=\"entry has-media product type-product post-490 status-publish instock product_cat-rent-a-car has-post-thumbnail sold-individually taxable shipping-taxable purchasable product-type-simple\">\n\t<div class=\"wpex-card wpex-card-product_3\"><a href=\"https:\/\/dalmos.hr\/pl\/product\/hyundai-ioniq-5-ultra\/\" aria-label=\"Hyundai Ioniq 5 Ultra\" class=\"wpex-card-inner wpex-relative wpex-transition-shadow wpex-duration-150 wpex-hover-shadow-lg wpex-no-underline wpex-inherit-color\"><div class=\"wpex-card-thumbnail wpex-relative\"><img decoding=\"async\" loading=\"lazy\" class=\"wpex-align-middle\" alt=\"Hyundai Ioniq 5 Ultra\" src=\"https:\/\/dalmos.hr\/wp-content\/uploads\/2023\/05\/hyundai-ioniq-5-ultra_3-1000x720.jpg\" width=\"1000\" height=\"720\"><\/div><div class=\"wpex-card-details wpex-p-15 wpex-last-mb-0\"><div class=\"wpex-card-terms-list wpex-last-mr-0 wpex-text-3 wpex-child-inherit-color\"><span>Rent a car<\/span><\/div><h2 class=\"wpex-card-title wpex-heading wpex-text-lg wpex-mb-10 wpex-font-semibold\">Hyundai Ioniq 5 Ultra<\/h2><div class=\"wpex-card-price wpex-text-1 wpex-text-md wpex-font-semibold\"><span class=\"woocommerce-Price-amount amount\"><bdi>100,00&nbsp;<span class=\"woocommerce-Price-currencySymbol\">&euro;<\/span><\/bdi><\/span><\/div><\/div><\/a><\/div><\/li>\n<li class=\"entry has-media product type-product post-488 status-publish instock product_cat-rent-a-car has-post-thumbnail sold-individually taxable shipping-taxable purchasable product-type-simple\">\n\t<div class=\"wpex-card wpex-card-product_3\"><a href=\"https:\/\/dalmos.hr\/pl\/product\/hyundai-tuscon-nx4-hev-1-6t\/\" aria-label=\"Hyundai Tuscon NX4 HEV 1.6T\" class=\"wpex-card-inner wpex-relative wpex-transition-shadow wpex-duration-150 wpex-hover-shadow-lg wpex-no-underline wpex-inherit-color\"><div class=\"wpex-card-thumbnail wpex-relative\"><img decoding=\"async\" loading=\"lazy\" class=\"wpex-align-middle\" alt=\"Hyundai Tuscon NX4 HEV 1.6T\" src=\"https:\/\/dalmos.hr\/wp-content\/uploads\/2023\/05\/hyundai-tucson-white_3-1000x720.jpg\" width=\"1000\" height=\"720\"><\/div><div class=\"wpex-card-details wpex-p-15 wpex-last-mb-0\"><div class=\"wpex-card-terms-list wpex-last-mr-0 wpex-text-3 wpex-child-inherit-color\"><span>Rent a car<\/span><\/div><h2 class=\"wpex-card-title wpex-heading wpex-text-lg wpex-mb-10 wpex-font-semibold\">Hyundai Tuscon NX4 HEV 1.6T<\/h2><div class=\"wpex-card-price wpex-text-1 wpex-text-md wpex-font-semibold\"><span class=\"woocommerce-Price-amount amount\"><bdi>60,00&nbsp;<span class=\"woocommerce-Price-currencySymbol\">&euro;<\/span><\/bdi><\/span><\/div><\/div><\/a><\/div><\/li>\n<li class=\"entry has-media product type-product post-494 status-publish last instock product_cat-rent-a-car has-post-thumbnail sold-individually taxable shipping-taxable purchasable product-type-simple\">\n\t<div class=\"wpex-card wpex-card-product_3\"><a href=\"https:\/\/dalmos.hr\/pl\/product\/mercedes-benz-c-klasa-220d-amg-sport\/\" aria-label=\"Mercedes-Benz C-klasa 220D AMG Sport\" class=\"wpex-card-inner wpex-relative wpex-transition-shadow wpex-duration-150 wpex-hover-shadow-lg wpex-no-underline wpex-inherit-color\"><div class=\"wpex-card-thumbnail wpex-relative\"><img decoding=\"async\" loading=\"lazy\" class=\"wpex-align-middle\" alt=\"Mercedes-Benz C-klasa 220D AMG Sport\" src=\"https:\/\/dalmos.hr\/wp-content\/uploads\/2023\/05\/mercedes-c220d-amg-sport-1000x720.jpg\" width=\"1000\" height=\"720\"><\/div><div class=\"wpex-card-details wpex-p-15 wpex-last-mb-0\"><div class=\"wpex-card-terms-list wpex-last-mr-0 wpex-text-3 wpex-child-inherit-color\"><span>Rent a car<\/span><\/div><h2 class=\"wpex-card-title wpex-heading wpex-text-lg wpex-mb-10 wpex-font-semibold\">Mercedes-Benz C-klasa 220D AMG Sport<\/h2><div class=\"wpex-card-price wpex-text-1 wpex-text-md wpex-font-semibold\"><span class=\"woocommerce-Price-amount amount\"><bdi>130,00&nbsp;<span class=\"woocommerce-Price-currencySymbol\">&euro;<\/span><\/bdi><\/span><\/div><\/div><\/a><\/div><\/li>\n<li class=\"entry has-media product type-product post-492 status-publish first instock product_cat-rent-a-car has-post-thumbnail sold-individually taxable shipping-taxable purchasable product-type-simple\">\n\t<div class=\"wpex-card wpex-card-product_3\"><a href=\"https:\/\/dalmos.hr\/pl\/product\/mercedes-benz-e-klasa-220d-amg-line\/\" aria-label=\"Mercedes-Benz E-klasa 220D AMG Line\" class=\"wpex-card-inner wpex-relative wpex-transition-shadow wpex-duration-150 wpex-hover-shadow-lg wpex-no-underline wpex-inherit-color\"><div class=\"wpex-card-thumbnail wpex-relative\"><img decoding=\"async\" loading=\"lazy\" class=\"wpex-align-middle\" alt=\"Mercedes-Benz E-klasa 220D AMG Line\" src=\"https:\/\/dalmos.hr\/wp-content\/uploads\/2023\/05\/mercedes-e220d-amg-1000x720.jpg\" width=\"1000\" height=\"720\"><\/div><div class=\"wpex-card-details wpex-p-15 wpex-last-mb-0\"><div class=\"wpex-card-terms-list wpex-last-mr-0 wpex-text-3 wpex-child-inherit-color\"><span>Rent a car<\/span><\/div><h2 class=\"wpex-card-title wpex-heading wpex-text-lg wpex-mb-10 wpex-font-semibold\">Mercedes-Benz E-klasa 220D AMG Line<\/h2><div class=\"wpex-card-price wpex-text-1 wpex-text-md wpex-font-semibold\"><span class=\"woocommerce-Price-amount amount\"><bdi>140,00&nbsp;<span class=\"woocommerce-Price-currencySymbol\">&euro;<\/span><\/bdi><\/span><\/div><\/div><\/a><\/div><\/li><\/ul>\n<\/div>[\/vc_column][\/vc_row]\n","protected":false},"excerpt":{"rendered":"<p>[vc_row][vc_column][vc_column_text]Witamy w naszym us\u0142ugowym serwisie premium wynajmu samochod\u00f3w, gdzie z dum\u0105 oferujemy wy\u015bmienity wyb\u00f3r pojazd\u00f3w \u015bredniej do najwy\u017cszej klasy. Bez wzgl\u0119du na to, czy wyruszasz w podr\u00f3\u017c s\u0142u\u017cbow\u0105 czy luksusowy urlop, zapewniamy idealny pojazd, kt\u00f3ry dopasuje si\u0119 do twojego wymagaj\u0105cego gustu i stylu.[\/vc_column_text][\/vc_column][\/vc_row][vc_row][vc_column][\/vc_column][\/vc_row]<\/p>\n","protected":false},"author":1,"featured_media":0,"parent":0,"menu_order":0,"comment_status":"closed","ping_status":"closed","template":"","meta":{"footnotes":""},"class_list":["post-618","page","type-page","status-publish","hentry","entry","no-media"],"_links":{"self":[{"href":"https:\/\/dalmos.hr\/pl\/wp-json\/wp\/v2\/pages\/618","targetHints":{"allow":["GET"]}}],"collection":[{"href":"https:\/\/dalmos.hr\/pl\/wp-json\/wp\/v2\/pages"}],"about":[{"href":"https:\/\/dalmos.hr\/pl\/wp-json\/wp\/v2\/types\/page"}],"author":[{"embeddable":true,"href":"https:\/\/dalmos.hr\/pl\/wp-json\/wp\/v2\/users\/1"}],"replies":[{"embeddable":true,"href":"https:\/\/dalmos.hr\/pl\/wp-json\/wp\/v2\/comments?post=618"}],"version-history":[{"count":3,"href":"https:\/\/dalmos.hr\/pl\/wp-json\/wp\/v2\/pages\/618\/revisions"}],"predecessor-version":[{"id":756,"href":"https:\/\/dalmos.hr\/pl\/wp-json\/wp\/v2\/pages\/618\/revisions\/756"}],"wp:attachment":[{"href":"https:\/\/dalmos.hr\/pl\/wp-json\/wp\/v2\/media?parent=618"}],"curies":[{"name":"wp","href":"https:\/\/api.w.org\/{rel}","templated":true}]}}