{"id":607,"date":"2023-05-29T12:09:35","date_gmt":"2023-05-29T12:09:35","guid":{"rendered":"https:\/\/dalmos.hr\/strona-glowna\/"},"modified":"2023-06-12T07:41:21","modified_gmt":"2023-06-12T07:41:21","slug":"strona-glowna","status":"publish","type":"page","link":"https:\/\/dalmos.hr\/pl\/","title":{"rendered":"Strona g\u0142\u00f3wna"},"content":{"rendered":"[vc_row full_width=&#8221;stretch_row&#8221; full_height=&#8221;yes&#8221; wpex_bg_overlay=&#8221;dark&#8221; css=&#8221;.vc_custom_1684322312195{padding-top: 200px !important;padding-bottom: 200px !important;background: #000000 url(https:\/\/dalmos.hr\/wp-content\/uploads\/2023\/05\/MIJ02924-HDR-Pano.jpg?id=352) !important;background-position: center !important;background-repeat: no-repeat !important;background-size: cover !important;}&#8221; el_class=&#8221;wpex-bg-accent&#8221; wpex_bg_overlay_opacity=&#8221;50%&#8221;][vc_column][vc_column_text text_align=&#8221;center&#8221; color=&#8221;#ffffff&#8221; font_size=&#8221;.9em&#8221; text_transform=&#8221;uppercase&#8221; letter_spacing=&#8221;2px&#8221; font_weight=&#8221;800&#8243;]DALMOS DOMKI MOBILE[\/vc_column_text]<div class=\"vcex-spacing wpex-w-100 wpex-clear\" style=\"height:20px;\"><\/div><style>.vcex_6a02841e0f091{font-size:3.8em!important;}@media (max-width:767px){.vcex_6a02841e0f091{font-size:2.5em!important;}}<\/style><h1 class=\"vcex-heading vcex-module wpex-text-2xl wpex-font-normal wpex-m-auto wpex-max-w-100 vcex-heading-plain wpex-block wpex-text-center vcex_6a02841e0f091\" style=\"color:#ffffff;font-weight:200;line-height:1.2;width:750px;\"><span class=\"vcex-heading-inner wpex-inline-block wpex-clr\">Do\u015bwiadcz luksusowego \u017cycia z zapieraj\u0105cym dech w piersiach widokiem na morze!<\/span><\/h1><div class=\"vcex-spacing wpex-w-100 wpex-clear\"><\/div><style>.vcex-multi-buttons.vcex_6a02841e0f3d2{gap:20px;}.vcex-multi-buttons.vcex_6a02841e0f3d2 .theme-button,.vcex-multi-buttons.vcex_6a02841e0f3d2 .theme-txt-link{border-width:2px;font-size:14px;letter-spacing:2px;}<\/style><div class=\"vcex-multi-buttons wpex-flex wpex-flex-wrap wpex-items-center wpex-gap-10 wpex-justify-center vcex_6a02841e0f3d2\"><a href=\"#ourhomes\" class=\"theme-button flat outline-transparent wpex-text-center vcex-count-1\">VIEW OUR HOMES<\/a><a href=\"https:\/\/dalmos.hr\/mobile-homes\/\" class=\"theme-button outline white local-scroll-link wpex-text-center vcex-count-2\">BOOK NOW<\/a><\/div>[\/vc_column][\/vc_row][vc_row full_width=&#8221;stretch_row_content_no_spaces&#8221; equal_height=&#8221;yes&#8221; remove_bottom_col_margin=&#8221;true&#8221; css=&#8221;.vc_custom_1684325366261{margin-top: 100px !important;background-color: #f6f6f6 !important;}&#8221; local_scroll_id=&#8221;ourhomes&#8221;][vc_column width=&#8221;1\/2&#8243; css=&#8221;.vc_custom_1684325446349{padding-top: 4vw !important;padding-right: 4vw !important;padding-bottom: 4vw !important;padding-left: 4vw !important;}&#8221;]<div class=\"vcex-heading vcex-module wpex-text-2xl wpex-font-normal wpex-m-auto wpex-max-w-100 vcex-heading-plain wpex-block wpex-mb-25 wpex-text-left\" style=\"font-size:36px;\"><span class=\"vcex-heading-inner wpex-inline-block wpex-clr\">Domki mobilne na kempingu Klenovica<\/span><\/div>[vc_column_text]<strong>Wynajmij domek mobilny na kempingu Klenovica w Chorwacji<\/strong><\/p>\n<p>Krystalicznie czyste morze, przyjemny \u015br\u00f3dziemnomorski klimat, idealne miejsce na kemping w naszych domkach mobilnych. Firma Dalmos d.o.o. z przyjemno\u015bci\u0105 informuje o wprowadzeniu w\u0142asnej oferty luksusowych domk\u00f3w mobilnych do wynaj\u0119cia, kt\u00f3re znajduj\u0105 si\u0119 w najpi\u0119kniejszym miejscu w kempingu.<\/p>\n<p><strong>Kemping w luksusowych domkach mobilnych<\/strong><\/p>\n<p>Nasze domki mobilne oferuj\u0105 doskona\u0142e luksusowe zakwaterowanie i stanowi\u0105 rewolucj\u0119 w chorwackiej turystyce kempingowej. Komfort i luksus s\u0105 na r\u00f3wnym poziomie co pokoje hotelowe, jednocze\u015bnie pozwalaj\u0105c na kontakt z natur\u0105. Przyroda otaczaj\u0105ca ka\u017cdy z domk\u00f3w mobilnych tworzy cudown\u0105 atmosfer\u0119 z pi\u0119knym widokiem na morze i wyj\u0105tkow\u0105 wysp\u0119 Krk.[\/vc_column_text]<div class=\"vcex-spacing wpex-w-100 wpex-clear\" style=\"height:40px;\"><\/div><a href=\"#about\" class=\"vcex-button theme-button inline\"><span class=\"theme-button-inner\">Zobacz wi\u0119cej szczeg\u00f3\u0142\u00f3w<\/span><\/a> [\/vc_column][vc_column width=&#8221;1\/2&#8243; css=&#8221;.vc_custom_1684325294749{background-image: url(https:\/\/dalmos.hr\/wp-content\/uploads\/2023\/05\/homepage_dalmos_holyday_lux.jpg?id=378) !important;background-position: center !important;background-repeat: no-repeat !important;background-size: cover !important;}&#8221; min_height=&#8221;650px&#8221;][\/vc_column][\/vc_row][vc_row full_width=&#8221;stretch_row_content_no_spaces&#8221; full_height=&#8221;yes&#8221; equal_height=&#8221;yes&#8221; remove_bottom_col_margin=&#8221;true&#8221; css=&#8221;.vc_custom_1684330166643{background-color: #f6f6f6 !important;}&#8221; local_scroll_id=&#8221;about&#8221;][vc_column width=&#8221;1\/2&#8243;]<style>.vcex_6a02841e10cd4{--wpex-carousel-gap:0px;}.vcex_6a02841e10cd4{--wpex-carousel-columns:1;}.vcex_6a02841e10cd4.wpex-carousel:not(.owl-loaded) > *:not(:nth-child(1n+2)) {display: flex !important;}@media only screen and (min-width: 480px) {.vcex_6a02841e10cd4{--wpex-carousel-columns:1;}.vcex_6a02841e10cd4.wpex-carousel:not(.owl-loaded) > *:not(:nth-child(1n+2)) {display: flex !important;}}@media only screen and (min-width: 768px) {.vcex_6a02841e10cd4{--wpex-carousel-columns:1;}.vcex_6a02841e10cd4.wpex-carousel:not(.owl-loaded) > *:not(:nth-child(1n+2)) {display: flex !important;}}@media only screen and (min-width: 960px) {.vcex_6a02841e10cd4{--wpex-carousel-columns:1;}.vcex_6a02841e10cd4.wpex-carousel:not(.owl-loaded) > *:not(:nth-child(1n+2)) {display: flex !important;}}<\/style><div class=\"vcex-module wpex-carousel wpex-carousel-images wpex-clr owl-carousel wpex-carousel--render-onload vcex_6a02841e10cd4 no-margins arrwstyle-circle arrwpos-abs\" data-wpex-carousel=\"{&quot;autoplay&quot;:&quot;true&quot;,&quot;items&quot;:1,&quot;autoplayTimeout&quot;:3000,&quot;margin&quot;:0,&quot;responsive&quot;:{&quot;0&quot;:{&quot;items&quot;:&quot;1&quot;},&quot;480&quot;:{&quot;items&quot;:1},&quot;768&quot;:{&quot;items&quot;:1},&quot;960&quot;:{&quot;items&quot;:1}}}\"><div class=\"wpex-carousel-slide\"><figure class=\"wpex-carousel-entry-media entry-media\"><img loading=\"lazy\" decoding=\"async\" width=\"1200\" height=\"1200\" src=\"https:\/\/dalmos.hr\/wp-content\/uploads\/2023\/05\/dnevni_boravak_1.jpg\" class=\"wpex-align-middle skip-lazy\" alt=\"\" data-no-lazy=\"1\" srcset=\"https:\/\/dalmos.hr\/wp-content\/uploads\/2023\/05\/dnevni_boravak_1.jpg 1200w, https:\/\/dalmos.hr\/wp-content\/uploads\/2023\/05\/dnevni_boravak_1-300x300.jpg 300w, https:\/\/dalmos.hr\/wp-content\/uploads\/2023\/05\/dnevni_boravak_1-1024x1024.jpg 1024w, https:\/\/dalmos.hr\/wp-content\/uploads\/2023\/05\/dnevni_boravak_1-150x150.jpg 150w, https:\/\/dalmos.hr\/wp-content\/uploads\/2023\/05\/dnevni_boravak_1-768x768.jpg 768w, https:\/\/dalmos.hr\/wp-content\/uploads\/2023\/05\/dnevni_boravak_1-600x600.jpg 600w, https:\/\/dalmos.hr\/wp-content\/uploads\/2023\/05\/dnevni_boravak_1-100x100.jpg 100w, https:\/\/dalmos.hr\/wp-content\/uploads\/2023\/05\/dnevni_boravak_1-1000x1000.jpg 1000w\" sizes=\"auto, (max-width: 1200px) 100vw, 1200px\" \/><\/figure><\/div><div class=\"wpex-carousel-slide\"><figure class=\"wpex-carousel-entry-media entry-media\"><img loading=\"lazy\" decoding=\"async\" width=\"1200\" height=\"1200\" src=\"https:\/\/dalmos.hr\/wp-content\/uploads\/2023\/05\/dnevni_boravak_2.jpg\" class=\"wpex-align-middle skip-lazy\" alt=\"\" data-no-lazy=\"1\" srcset=\"https:\/\/dalmos.hr\/wp-content\/uploads\/2023\/05\/dnevni_boravak_2.jpg 1200w, https:\/\/dalmos.hr\/wp-content\/uploads\/2023\/05\/dnevni_boravak_2-300x300.jpg 300w, https:\/\/dalmos.hr\/wp-content\/uploads\/2023\/05\/dnevni_boravak_2-1024x1024.jpg 1024w, https:\/\/dalmos.hr\/wp-content\/uploads\/2023\/05\/dnevni_boravak_2-150x150.jpg 150w, https:\/\/dalmos.hr\/wp-content\/uploads\/2023\/05\/dnevni_boravak_2-768x768.jpg 768w, https:\/\/dalmos.hr\/wp-content\/uploads\/2023\/05\/dnevni_boravak_2-600x600.jpg 600w, https:\/\/dalmos.hr\/wp-content\/uploads\/2023\/05\/dnevni_boravak_2-100x100.jpg 100w, https:\/\/dalmos.hr\/wp-content\/uploads\/2023\/05\/dnevni_boravak_2-1000x1000.jpg 1000w\" sizes=\"auto, (max-width: 1200px) 100vw, 1200px\" \/><\/figure><\/div><div class=\"wpex-carousel-slide\"><figure class=\"wpex-carousel-entry-media entry-media\"><img loading=\"lazy\" decoding=\"async\" width=\"1200\" height=\"1200\" src=\"https:\/\/dalmos.hr\/wp-content\/uploads\/2023\/05\/spavaca_1.jpg\" class=\"wpex-align-middle skip-lazy\" alt=\"\" data-no-lazy=\"1\" srcset=\"https:\/\/dalmos.hr\/wp-content\/uploads\/2023\/05\/spavaca_1.jpg 1200w, https:\/\/dalmos.hr\/wp-content\/uploads\/2023\/05\/spavaca_1-300x300.jpg 300w, https:\/\/dalmos.hr\/wp-content\/uploads\/2023\/05\/spavaca_1-1024x1024.jpg 1024w, https:\/\/dalmos.hr\/wp-content\/uploads\/2023\/05\/spavaca_1-150x150.jpg 150w, https:\/\/dalmos.hr\/wp-content\/uploads\/2023\/05\/spavaca_1-768x768.jpg 768w, https:\/\/dalmos.hr\/wp-content\/uploads\/2023\/05\/spavaca_1-600x600.jpg 600w, https:\/\/dalmos.hr\/wp-content\/uploads\/2023\/05\/spavaca_1-100x100.jpg 100w, https:\/\/dalmos.hr\/wp-content\/uploads\/2023\/05\/spavaca_1-1000x1000.jpg 1000w\" sizes=\"auto, (max-width: 1200px) 100vw, 1200px\" \/><\/figure><\/div><div class=\"wpex-carousel-slide\"><figure class=\"wpex-carousel-entry-media entry-media\"><img loading=\"lazy\" decoding=\"async\" width=\"1200\" height=\"1200\" src=\"https:\/\/dalmos.hr\/wp-content\/uploads\/2023\/05\/kupatilo_1.jpg\" class=\"wpex-align-middle skip-lazy\" alt=\"\" data-no-lazy=\"1\" srcset=\"https:\/\/dalmos.hr\/wp-content\/uploads\/2023\/05\/kupatilo_1.jpg 1200w, https:\/\/dalmos.hr\/wp-content\/uploads\/2023\/05\/kupatilo_1-300x300.jpg 300w, https:\/\/dalmos.hr\/wp-content\/uploads\/2023\/05\/kupatilo_1-1024x1024.jpg 1024w, https:\/\/dalmos.hr\/wp-content\/uploads\/2023\/05\/kupatilo_1-150x150.jpg 150w, https:\/\/dalmos.hr\/wp-content\/uploads\/2023\/05\/kupatilo_1-768x768.jpg 768w, https:\/\/dalmos.hr\/wp-content\/uploads\/2023\/05\/kupatilo_1-600x600.jpg 600w, https:\/\/dalmos.hr\/wp-content\/uploads\/2023\/05\/kupatilo_1-100x100.jpg 100w, https:\/\/dalmos.hr\/wp-content\/uploads\/2023\/05\/kupatilo_1-1000x1000.jpg 1000w\" sizes=\"auto, (max-width: 1200px) 100vw, 1200px\" \/><\/figure><\/div><div class=\"wpex-carousel-slide\"><figure class=\"wpex-carousel-entry-media entry-media\"><img loading=\"lazy\" decoding=\"async\" width=\"1200\" height=\"1200\" src=\"https:\/\/dalmos.hr\/wp-content\/uploads\/2023\/05\/spavaca_2.jpg\" class=\"wpex-align-middle skip-lazy\" alt=\"\" data-no-lazy=\"1\" srcset=\"https:\/\/dalmos.hr\/wp-content\/uploads\/2023\/05\/spavaca_2.jpg 1200w, https:\/\/dalmos.hr\/wp-content\/uploads\/2023\/05\/spavaca_2-300x300.jpg 300w, https:\/\/dalmos.hr\/wp-content\/uploads\/2023\/05\/spavaca_2-1024x1024.jpg 1024w, https:\/\/dalmos.hr\/wp-content\/uploads\/2023\/05\/spavaca_2-150x150.jpg 150w, https:\/\/dalmos.hr\/wp-content\/uploads\/2023\/05\/spavaca_2-768x768.jpg 768w, https:\/\/dalmos.hr\/wp-content\/uploads\/2023\/05\/spavaca_2-600x600.jpg 600w, https:\/\/dalmos.hr\/wp-content\/uploads\/2023\/05\/spavaca_2-100x100.jpg 100w, https:\/\/dalmos.hr\/wp-content\/uploads\/2023\/05\/spavaca_2-1000x1000.jpg 1000w\" sizes=\"auto, (max-width: 1200px) 100vw, 1200px\" \/><\/figure><\/div><div class=\"wpex-carousel-slide\"><figure class=\"wpex-carousel-entry-media entry-media\"><img loading=\"lazy\" decoding=\"async\" width=\"1200\" height=\"1200\" src=\"https:\/\/dalmos.hr\/wp-content\/uploads\/2023\/05\/terasa_1.jpg\" class=\"wpex-align-middle skip-lazy\" alt=\"\" data-no-lazy=\"1\" srcset=\"https:\/\/dalmos.hr\/wp-content\/uploads\/2023\/05\/terasa_1.jpg 1200w, https:\/\/dalmos.hr\/wp-content\/uploads\/2023\/05\/terasa_1-300x300.jpg 300w, https:\/\/dalmos.hr\/wp-content\/uploads\/2023\/05\/terasa_1-1024x1024.jpg 1024w, https:\/\/dalmos.hr\/wp-content\/uploads\/2023\/05\/terasa_1-150x150.jpg 150w, https:\/\/dalmos.hr\/wp-content\/uploads\/2023\/05\/terasa_1-768x768.jpg 768w, https:\/\/dalmos.hr\/wp-content\/uploads\/2023\/05\/terasa_1-600x600.jpg 600w, https:\/\/dalmos.hr\/wp-content\/uploads\/2023\/05\/terasa_1-100x100.jpg 100w, https:\/\/dalmos.hr\/wp-content\/uploads\/2023\/05\/terasa_1-1000x1000.jpg 1000w\" sizes=\"auto, (max-width: 1200px) 100vw, 1200px\" \/><\/figure><\/div><div class=\"wpex-carousel-slide\"><figure class=\"wpex-carousel-entry-media entry-media\"><img loading=\"lazy\" decoding=\"async\" width=\"1200\" height=\"1200\" src=\"https:\/\/dalmos.hr\/wp-content\/uploads\/2023\/05\/terasa_2.jpg\" class=\"wpex-align-middle skip-lazy\" alt=\"\" data-no-lazy=\"1\" srcset=\"https:\/\/dalmos.hr\/wp-content\/uploads\/2023\/05\/terasa_2.jpg 1200w, https:\/\/dalmos.hr\/wp-content\/uploads\/2023\/05\/terasa_2-300x300.jpg 300w, https:\/\/dalmos.hr\/wp-content\/uploads\/2023\/05\/terasa_2-1024x1024.jpg 1024w, https:\/\/dalmos.hr\/wp-content\/uploads\/2023\/05\/terasa_2-150x150.jpg 150w, https:\/\/dalmos.hr\/wp-content\/uploads\/2023\/05\/terasa_2-768x768.jpg 768w, https:\/\/dalmos.hr\/wp-content\/uploads\/2023\/05\/terasa_2-600x600.jpg 600w, https:\/\/dalmos.hr\/wp-content\/uploads\/2023\/05\/terasa_2-100x100.jpg 100w, https:\/\/dalmos.hr\/wp-content\/uploads\/2023\/05\/terasa_2-1000x1000.jpg 1000w\" sizes=\"auto, (max-width: 1200px) 100vw, 1200px\" \/><\/figure><\/div><\/div>[\/vc_column][vc_column width=&#8221;1\/2&#8243; css=&#8221;.vc_custom_1684329783704{padding-top: 4vw !important;padding-right: 4vw !important;padding-bottom: 4vw !important;padding-left: 4vw !important;background-position: center !important;background-repeat: no-repeat !important;background-size: cover !important;}&#8221; min_height=&#8221;650px&#8221;]<div class=\"vcex-heading vcex-module wpex-text-2xl wpex-font-normal wpex-m-auto wpex-max-w-100 vcex-heading-plain wpex-block wpex-mb-25 wpex-text-center\" style=\"font-size:42px;\"><span class=\"vcex-heading-inner wpex-inline-block wpex-clr\">O naszych domach<\/span><\/div>[vc_column_text text_align=&#8221;center&#8221; align=&#8221;center&#8221; width=&#8221;700px&#8221;]Do wyboru s\u0105 2 rodzaje domk\u00f3w mobilnych: 1, Domki Mobilne Dalmos 2, Domki Mobilne Dalmos 1 Lux z jacuzzi, kt\u00f3re z pewno\u015bci\u0105 zadowol\u0105 nawet najbardziej wymagaj\u0105cych go\u015bci.<\/p>\n<p>Psy s\u0105 jak najbardziej mile widziane w naszych domkach kempingowych, ale je\u015bli planujesz na swoj\u0105 podr\u00f3\u017c zabra\u0107 ze sob\u0105 swoje ukochane zwierz\u0105tko, poinformuj nas o tym wcze\u015bniej, poniewa\u017c niekt\u00f3re domki nie zezwalaj\u0105 na zwierz\u0119ta (ze wzgl\u0119du na go\u015bci z alergiami na sier\u015b\u0107).<\/p>\n<p>Ka\u017cdy z naszych domk\u00f3w wakacyjnych oferuje komfort w\u0142asnego domu. Nasze nowoczesne i w pe\u0142ni funkcjonalne domki mobilne wype\u0142nione s\u0105 \u017cywymi kolorami i du\u017cymi przeszklonymi powierzchniami. Po\u0142o\u017cone w jednym z najpi\u0119kniejszych miejsc w kempingu Klenovica bardzo blisko morza. Zapewniaj\u0105 przestronny taras, z kt\u00f3rego b\u0119dziecie cieszy\u0107 si\u0119 szumem fal i niezapomnianymi widokami zachod\u00f3w s\u0142o\u0144ca.[\/vc_column_text][vc_row_inner gap=&#8221;30&#8243; css=&#8221;.vc_custom_1684331099941{padding-top: 30px !important;padding-right: 30px !important;padding-bottom: 30px !important;padding-left: 30px !important;}&#8221;][vc_column_inner width=&#8221;1\/2&#8243;]<div class=\"vcex-module vcex-bullets vcex-bullets-check\">\n<ul>\n<li>Zakwaterowanie dla 5+1 os\u00f3b<\/li>\n<li>Wymiary: 9 x 4 m<\/li>\n<li>Zapewnione miejsce parkingowe<\/li>\n<li>2 sypialnie (jedna z \u0142\u00f3\u017ckiem ma\u0142\u017ce\u0144skim, druga z \u0142\u00f3\u017ckiem francuskim + \u0142\u00f3\u017cko pojedyncze)<\/li>\n<li>Przestronny salon<\/li>\n<li>Funkcjonalna, w pe\u0142ni wyposa\u017cona kuchnia<\/li>\n<li>Pe\u0142ny zestaw naczy\u0144 kuchennych<\/li>\n<\/ul>\n<\/div>[\/vc_column_inner][vc_column_inner width=&#8221;1\/2&#8243;]<div class=\"vcex-module vcex-bullets vcex-bullets-check\">\n<ul>\n<li>\u0141azienka wyposa\u017cona w prysznic, umywalk\u0119 oraz toalet\u0119<\/li>\n<li>R\u0119czniki i po\u015bciel<\/li>\n<li>Telewizja satelitarna<\/li>\n<li>Klimatyzacja<\/li>\n<li>Du\u017cy, zadaszony taras<\/li>\n<li>Kanapa zewn\u0119trzna dla 6 os\u00f3b + 1 le\u017cak<\/li>\n<li>20m do dzikiej pla\u017cy<\/li>\n<li>100m do piaszczystej pla\u017cy<\/li>\n<\/ul>\n<\/div>[\/vc_column_inner][\/vc_row_inner]<div class=\"vcex-spacing wpex-w-100 wpex-clear\" style=\"height:40px;\"><\/div><div class=\"theme-button-wrap textcenter wpex-clr\"><a href=\"https:\/\/dalmos.hr\/mobile-homes\/\" class=\"vcex-button theme-button align-center inline\"><span class=\"theme-button-inner\">Rezerwuj teraz<\/span><\/a><\/div> [\/vc_column][\/vc_row]\n","protected":false},"excerpt":{"rendered":"<p>[vc_row full_width=&#8221;stretch_row&#8221; full_height=&#8221;yes&#8221; wpex_bg_overlay=&#8221;dark&#8221; css=&#8221;.vc_custom_1684322312195{padding-top: 200px !important;padding-bottom: 200px !important;background: #000000 url(https:\/\/dalmos.hr\/wp-content\/uploads\/2023\/05\/MIJ02924-HDR-Pano.jpg?id=352) !important;background-position: center !important;background-repeat: no-repeat !important;background-size: cover !important;}&#8221; el_class=&#8221;wpex-bg-accent&#8221; wpex_bg_overlay_opacity=&#8221;50%&#8221;][vc_column][vc_column_text text_align=&#8221;center&#8221; color=&#8221;#ffffff&#8221; font_size=&#8221;.9em&#8221; text_transform=&#8221;uppercase&#8221; letter_spacing=&#8221;2px&#8221; font_weight=&#8221;800&#8243;]DALMOS DOMKI MOBILE[\/vc_column_text][\/vc_column][\/vc_row][vc_row full_width=&#8221;stretch_row_content_no_spaces&#8221; equal_height=&#8221;yes&#8221; remove_bottom_col_margin=&#8221;true&#8221; css=&#8221;.vc_custom_1684325366261{margin-top: 100px !important;background-color: #f6f6f6 !important;}&#8221; local_scroll_id=&#8221;ourhomes&#8221;][vc_column width=&#8221;1\/2&#8243; css=&#8221;.vc_custom_1684325446349{padding-top: 4vw !important;padding-right: 4vw !important;padding-bottom: 4vw !important;padding-left: 4vw !important;}&#8221;][vc_column_text]Wynajmij domek mobilny na kempingu Klenovica w Chorwacji Krystalicznie&hellip;<\/p>\n","protected":false},"author":1,"featured_media":0,"parent":0,"menu_order":0,"comment_status":"closed","ping_status":"closed","template":"","meta":{"footnotes":""},"class_list":["post-607","page","type-page","status-publish","hentry","entry","no-media"],"_links":{"self":[{"href":"https:\/\/dalmos.hr\/pl\/wp-json\/wp\/v2\/pages\/607","targetHints":{"allow":["GET"]}}],"collection":[{"href":"https:\/\/dalmos.hr\/pl\/wp-json\/wp\/v2\/pages"}],"about":[{"href":"https:\/\/dalmos.hr\/pl\/wp-json\/wp\/v2\/types\/page"}],"author":[{"embeddable":true,"href":"https:\/\/dalmos.hr\/pl\/wp-json\/wp\/v2\/users\/1"}],"replies":[{"embeddable":true,"href":"https:\/\/dalmos.hr\/pl\/wp-json\/wp\/v2\/comments?post=607"}],"version-history":[{"count":4,"href":"https:\/\/dalmos.hr\/pl\/wp-json\/wp\/v2\/pages\/607\/revisions"}],"predecessor-version":[{"id":763,"href":"https:\/\/dalmos.hr\/pl\/wp-json\/wp\/v2\/pages\/607\/revisions\/763"}],"wp:attachment":[{"href":"https:\/\/dalmos.hr\/pl\/wp-json\/wp\/v2\/media?parent=607"}],"curies":[{"name":"wp","href":"https:\/\/api.w.org\/{rel}","templated":true}]}}