{"id":604,"date":"2023-05-29T12:02:18","date_gmt":"2023-05-29T12:02:18","guid":{"rendered":"https:\/\/dalmos.hr\/naslovna\/"},"modified":"2023-06-12T07:43:34","modified_gmt":"2023-06-12T07:43:34","slug":"naslovna","status":"publish","type":"page","link":"https:\/\/dalmos.hr\/hr\/","title":{"rendered":"Naslovna"},"content":{"rendered":"[vc_row full_width=&#8221;stretch_row&#8221; full_height=&#8221;yes&#8221; wpex_bg_overlay=&#8221;dark&#8221; css=&#8221;.vc_custom_1684322312195{padding-top: 200px !important;padding-bottom: 200px !important;background: #000000 url(https:\/\/dalmos.hr\/wp-content\/uploads\/2023\/05\/MIJ02924-HDR-Pano.jpg?id=352) !important;background-position: center !important;background-repeat: no-repeat !important;background-size: cover !important;}&#8221; el_class=&#8221;wpex-bg-accent&#8221; wpex_bg_overlay_opacity=&#8221;50%&#8221;][vc_column][vc_column_text text_align=&#8221;center&#8221; color=&#8221;#ffffff&#8221; font_size=&#8221;.9em&#8221; text_transform=&#8221;uppercase&#8221; letter_spacing=&#8221;2px&#8221; font_weight=&#8221;800&#8243;]DALMOS MOBILE HOMES[\/vc_column_text]<div class=\"vcex-spacing wpex-w-100 wpex-clear\" style=\"height:20px;\"><\/div><style>.vcex_6a028225ee11a{font-size:3.8em!important;}@media (max-width:767px){.vcex_6a028225ee11a{font-size:2.5em!important;}}<\/style><h1 class=\"vcex-heading vcex-module wpex-text-2xl wpex-font-normal wpex-m-auto wpex-max-w-100 vcex-heading-plain wpex-block wpex-text-center vcex_6a028225ee11a\" style=\"color:#ffffff;font-weight:200;line-height:1.2;width:750px;\"><span class=\"vcex-heading-inner wpex-inline-block wpex-clr\">Iskusite luksuzno stanovanje s zadivljuju\u0107im pogledom na more!<\/span><\/h1><div class=\"vcex-spacing wpex-w-100 wpex-clear\"><\/div><style>.vcex-multi-buttons.vcex_6a028225ee4fc{gap:20px;}.vcex-multi-buttons.vcex_6a028225ee4fc .theme-button,.vcex-multi-buttons.vcex_6a028225ee4fc .theme-txt-link{border-width:2px;font-size:14px;letter-spacing:2px;}<\/style><div class=\"vcex-multi-buttons wpex-flex wpex-flex-wrap wpex-items-center wpex-gap-10 wpex-justify-center vcex_6a028225ee4fc\"><a href=\"#ourhomes\" class=\"theme-button flat outline-transparent wpex-text-center vcex-count-1\">VIEW OUR HOMES<\/a><a href=\"https:\/\/dalmos.hr\/mobile-homes\/\" class=\"theme-button outline white local-scroll-link wpex-text-center vcex-count-2\">BOOK NOW<\/a><\/div>[\/vc_column][\/vc_row][vc_row full_width=&#8221;stretch_row_content_no_spaces&#8221; equal_height=&#8221;yes&#8221; remove_bottom_col_margin=&#8221;true&#8221; css=&#8221;.vc_custom_1684325366261{margin-top: 100px !important;background-color: #f6f6f6 !important;}&#8221; local_scroll_id=&#8221;ourhomes&#8221;][vc_column width=&#8221;1\/2&#8243; css=&#8221;.vc_custom_1684325446349{padding-top: 4vw !important;padding-right: 4vw !important;padding-bottom: 4vw !important;padding-left: 4vw !important;}&#8221;]<div class=\"vcex-heading vcex-module wpex-text-2xl wpex-font-normal wpex-m-auto wpex-max-w-100 vcex-heading-plain wpex-block wpex-mb-25 wpex-text-left\" style=\"font-size:36px;\"><span class=\"vcex-heading-inner wpex-inline-block wpex-clr\">Mobilne ku\u0107ice u kampu Klenovica<\/span><\/div>[vc_column_text]<strong>Unajmite mobilnu ku\u0107icu u Hrvatskoj u kampu Klenovica<\/strong><\/p>\n<p>Kristalno \u010disto more, ugodna mediteranska klima , savr\u0161enim odredi\u0161tem za kampiranje u mobilnim ku\u0107icama. Tvrtka Dalmos d.o.o. sa zadovoljstvom najavljuje uvo\u0111enje vlastite ponude luksuznih mobilnih ku\u0107ica za najam koje se nalaze na najljep\u0161em mjestu u kampu.<\/p>\n<p>Kampiranje u luksuznim mobilnim ku\u0107icama<br \/>\nNa\u0161e mobilne ku\u0107ice pru\u017eaju vrhunski luksuzni smje\u0161taj i predstavljaju revoluciju u hrvatskom kamping turizmu. Udobnost i luksuz na istoj razini kao u hotelskoj sobi, dok istovremeno ostajete u kontaktu s prirodom. Priroda koja okru\u017euje svaku mobilnu ku\u0107icu stvara prekrasan ugo\u0111aj s pogledom na more i jedinstveni otok Krk.[\/vc_column_text]<div class=\"vcex-spacing wpex-w-100 wpex-clear\" style=\"height:40px;\"><\/div><a href=\"#about\" class=\"vcex-button theme-button inline\"><span class=\"theme-button-inner\">Vi\u0161e detalja<\/span><\/a> [\/vc_column][vc_column width=&#8221;1\/2&#8243; css=&#8221;.vc_custom_1684325294749{background-image: url(https:\/\/dalmos.hr\/wp-content\/uploads\/2023\/05\/homepage_dalmos_holyday_lux.jpg?id=378) !important;background-position: center !important;background-repeat: no-repeat !important;background-size: cover !important;}&#8221; min_height=&#8221;650px&#8221;][\/vc_column][\/vc_row][vc_row full_width=&#8221;stretch_row_content_no_spaces&#8221; full_height=&#8221;yes&#8221; equal_height=&#8221;yes&#8221; remove_bottom_col_margin=&#8221;true&#8221; css=&#8221;.vc_custom_1684330166643{background-color: #f6f6f6 !important;}&#8221; local_scroll_id=&#8221;about&#8221;][vc_column width=&#8221;1\/2&#8243;]<style>.vcex_6a028225efd93{--wpex-carousel-gap:0px;}.vcex_6a028225efd93{--wpex-carousel-columns:1;}.vcex_6a028225efd93.wpex-carousel:not(.owl-loaded) > *:not(:nth-child(1n+2)) {display: flex !important;}@media only screen and (min-width: 480px) {.vcex_6a028225efd93{--wpex-carousel-columns:1;}.vcex_6a028225efd93.wpex-carousel:not(.owl-loaded) > *:not(:nth-child(1n+2)) {display: flex !important;}}@media only screen and (min-width: 768px) {.vcex_6a028225efd93{--wpex-carousel-columns:1;}.vcex_6a028225efd93.wpex-carousel:not(.owl-loaded) > *:not(:nth-child(1n+2)) {display: flex !important;}}@media only screen and (min-width: 960px) {.vcex_6a028225efd93{--wpex-carousel-columns:1;}.vcex_6a028225efd93.wpex-carousel:not(.owl-loaded) > *:not(:nth-child(1n+2)) {display: flex !important;}}<\/style><div class=\"vcex-module wpex-carousel wpex-carousel-images wpex-clr owl-carousel wpex-carousel--render-onload vcex_6a028225efd93 no-margins arrwstyle-circle arrwpos-abs\" data-wpex-carousel=\"{&quot;autoplay&quot;:&quot;true&quot;,&quot;items&quot;:1,&quot;autoplayTimeout&quot;:3000,&quot;margin&quot;:0,&quot;responsive&quot;:{&quot;0&quot;:{&quot;items&quot;:&quot;1&quot;},&quot;480&quot;:{&quot;items&quot;:1},&quot;768&quot;:{&quot;items&quot;:1},&quot;960&quot;:{&quot;items&quot;:1}}}\"><div class=\"wpex-carousel-slide\"><figure class=\"wpex-carousel-entry-media entry-media\"><img loading=\"lazy\" decoding=\"async\" width=\"1200\" height=\"1200\" src=\"https:\/\/dalmos.hr\/wp-content\/uploads\/2023\/05\/dnevni_boravak_1.jpg\" class=\"wpex-align-middle skip-lazy\" alt=\"\" data-no-lazy=\"1\" srcset=\"https:\/\/dalmos.hr\/wp-content\/uploads\/2023\/05\/dnevni_boravak_1.jpg 1200w, https:\/\/dalmos.hr\/wp-content\/uploads\/2023\/05\/dnevni_boravak_1-300x300.jpg 300w, https:\/\/dalmos.hr\/wp-content\/uploads\/2023\/05\/dnevni_boravak_1-1024x1024.jpg 1024w, https:\/\/dalmos.hr\/wp-content\/uploads\/2023\/05\/dnevni_boravak_1-150x150.jpg 150w, https:\/\/dalmos.hr\/wp-content\/uploads\/2023\/05\/dnevni_boravak_1-768x768.jpg 768w, https:\/\/dalmos.hr\/wp-content\/uploads\/2023\/05\/dnevni_boravak_1-600x600.jpg 600w, https:\/\/dalmos.hr\/wp-content\/uploads\/2023\/05\/dnevni_boravak_1-100x100.jpg 100w, https:\/\/dalmos.hr\/wp-content\/uploads\/2023\/05\/dnevni_boravak_1-1000x1000.jpg 1000w\" sizes=\"auto, (max-width: 1200px) 100vw, 1200px\" \/><\/figure><\/div><div class=\"wpex-carousel-slide\"><figure class=\"wpex-carousel-entry-media entry-media\"><img loading=\"lazy\" decoding=\"async\" width=\"1200\" height=\"1200\" src=\"https:\/\/dalmos.hr\/wp-content\/uploads\/2023\/05\/dnevni_boravak_2.jpg\" class=\"wpex-align-middle skip-lazy\" alt=\"\" data-no-lazy=\"1\" srcset=\"https:\/\/dalmos.hr\/wp-content\/uploads\/2023\/05\/dnevni_boravak_2.jpg 1200w, https:\/\/dalmos.hr\/wp-content\/uploads\/2023\/05\/dnevni_boravak_2-300x300.jpg 300w, https:\/\/dalmos.hr\/wp-content\/uploads\/2023\/05\/dnevni_boravak_2-1024x1024.jpg 1024w, https:\/\/dalmos.hr\/wp-content\/uploads\/2023\/05\/dnevni_boravak_2-150x150.jpg 150w, https:\/\/dalmos.hr\/wp-content\/uploads\/2023\/05\/dnevni_boravak_2-768x768.jpg 768w, https:\/\/dalmos.hr\/wp-content\/uploads\/2023\/05\/dnevni_boravak_2-600x600.jpg 600w, https:\/\/dalmos.hr\/wp-content\/uploads\/2023\/05\/dnevni_boravak_2-100x100.jpg 100w, https:\/\/dalmos.hr\/wp-content\/uploads\/2023\/05\/dnevni_boravak_2-1000x1000.jpg 1000w\" sizes=\"auto, (max-width: 1200px) 100vw, 1200px\" \/><\/figure><\/div><div class=\"wpex-carousel-slide\"><figure class=\"wpex-carousel-entry-media entry-media\"><img loading=\"lazy\" decoding=\"async\" width=\"1200\" height=\"1200\" src=\"https:\/\/dalmos.hr\/wp-content\/uploads\/2023\/05\/spavaca_1.jpg\" class=\"wpex-align-middle skip-lazy\" alt=\"\" data-no-lazy=\"1\" srcset=\"https:\/\/dalmos.hr\/wp-content\/uploads\/2023\/05\/spavaca_1.jpg 1200w, https:\/\/dalmos.hr\/wp-content\/uploads\/2023\/05\/spavaca_1-300x300.jpg 300w, https:\/\/dalmos.hr\/wp-content\/uploads\/2023\/05\/spavaca_1-1024x1024.jpg 1024w, https:\/\/dalmos.hr\/wp-content\/uploads\/2023\/05\/spavaca_1-150x150.jpg 150w, https:\/\/dalmos.hr\/wp-content\/uploads\/2023\/05\/spavaca_1-768x768.jpg 768w, https:\/\/dalmos.hr\/wp-content\/uploads\/2023\/05\/spavaca_1-600x600.jpg 600w, https:\/\/dalmos.hr\/wp-content\/uploads\/2023\/05\/spavaca_1-100x100.jpg 100w, https:\/\/dalmos.hr\/wp-content\/uploads\/2023\/05\/spavaca_1-1000x1000.jpg 1000w\" sizes=\"auto, (max-width: 1200px) 100vw, 1200px\" \/><\/figure><\/div><div class=\"wpex-carousel-slide\"><figure class=\"wpex-carousel-entry-media entry-media\"><img loading=\"lazy\" decoding=\"async\" width=\"1200\" height=\"1200\" src=\"https:\/\/dalmos.hr\/wp-content\/uploads\/2023\/05\/kupatilo_1.jpg\" class=\"wpex-align-middle skip-lazy\" alt=\"\" data-no-lazy=\"1\" srcset=\"https:\/\/dalmos.hr\/wp-content\/uploads\/2023\/05\/kupatilo_1.jpg 1200w, https:\/\/dalmos.hr\/wp-content\/uploads\/2023\/05\/kupatilo_1-300x300.jpg 300w, https:\/\/dalmos.hr\/wp-content\/uploads\/2023\/05\/kupatilo_1-1024x1024.jpg 1024w, https:\/\/dalmos.hr\/wp-content\/uploads\/2023\/05\/kupatilo_1-150x150.jpg 150w, https:\/\/dalmos.hr\/wp-content\/uploads\/2023\/05\/kupatilo_1-768x768.jpg 768w, https:\/\/dalmos.hr\/wp-content\/uploads\/2023\/05\/kupatilo_1-600x600.jpg 600w, https:\/\/dalmos.hr\/wp-content\/uploads\/2023\/05\/kupatilo_1-100x100.jpg 100w, https:\/\/dalmos.hr\/wp-content\/uploads\/2023\/05\/kupatilo_1-1000x1000.jpg 1000w\" sizes=\"auto, (max-width: 1200px) 100vw, 1200px\" \/><\/figure><\/div><div class=\"wpex-carousel-slide\"><figure class=\"wpex-carousel-entry-media entry-media\"><img loading=\"lazy\" decoding=\"async\" width=\"1200\" height=\"1200\" src=\"https:\/\/dalmos.hr\/wp-content\/uploads\/2023\/05\/spavaca_2.jpg\" class=\"wpex-align-middle skip-lazy\" alt=\"\" data-no-lazy=\"1\" srcset=\"https:\/\/dalmos.hr\/wp-content\/uploads\/2023\/05\/spavaca_2.jpg 1200w, https:\/\/dalmos.hr\/wp-content\/uploads\/2023\/05\/spavaca_2-300x300.jpg 300w, https:\/\/dalmos.hr\/wp-content\/uploads\/2023\/05\/spavaca_2-1024x1024.jpg 1024w, https:\/\/dalmos.hr\/wp-content\/uploads\/2023\/05\/spavaca_2-150x150.jpg 150w, https:\/\/dalmos.hr\/wp-content\/uploads\/2023\/05\/spavaca_2-768x768.jpg 768w, https:\/\/dalmos.hr\/wp-content\/uploads\/2023\/05\/spavaca_2-600x600.jpg 600w, https:\/\/dalmos.hr\/wp-content\/uploads\/2023\/05\/spavaca_2-100x100.jpg 100w, https:\/\/dalmos.hr\/wp-content\/uploads\/2023\/05\/spavaca_2-1000x1000.jpg 1000w\" sizes=\"auto, (max-width: 1200px) 100vw, 1200px\" \/><\/figure><\/div><div class=\"wpex-carousel-slide\"><figure class=\"wpex-carousel-entry-media entry-media\"><img loading=\"lazy\" decoding=\"async\" width=\"1200\" height=\"1200\" src=\"https:\/\/dalmos.hr\/wp-content\/uploads\/2023\/05\/terasa_1.jpg\" class=\"wpex-align-middle skip-lazy\" alt=\"\" data-no-lazy=\"1\" srcset=\"https:\/\/dalmos.hr\/wp-content\/uploads\/2023\/05\/terasa_1.jpg 1200w, https:\/\/dalmos.hr\/wp-content\/uploads\/2023\/05\/terasa_1-300x300.jpg 300w, https:\/\/dalmos.hr\/wp-content\/uploads\/2023\/05\/terasa_1-1024x1024.jpg 1024w, https:\/\/dalmos.hr\/wp-content\/uploads\/2023\/05\/terasa_1-150x150.jpg 150w, https:\/\/dalmos.hr\/wp-content\/uploads\/2023\/05\/terasa_1-768x768.jpg 768w, https:\/\/dalmos.hr\/wp-content\/uploads\/2023\/05\/terasa_1-600x600.jpg 600w, https:\/\/dalmos.hr\/wp-content\/uploads\/2023\/05\/terasa_1-100x100.jpg 100w, https:\/\/dalmos.hr\/wp-content\/uploads\/2023\/05\/terasa_1-1000x1000.jpg 1000w\" sizes=\"auto, (max-width: 1200px) 100vw, 1200px\" \/><\/figure><\/div><div class=\"wpex-carousel-slide\"><figure class=\"wpex-carousel-entry-media entry-media\"><img loading=\"lazy\" decoding=\"async\" width=\"1200\" height=\"1200\" src=\"https:\/\/dalmos.hr\/wp-content\/uploads\/2023\/05\/terasa_2.jpg\" class=\"wpex-align-middle skip-lazy\" alt=\"\" data-no-lazy=\"1\" srcset=\"https:\/\/dalmos.hr\/wp-content\/uploads\/2023\/05\/terasa_2.jpg 1200w, https:\/\/dalmos.hr\/wp-content\/uploads\/2023\/05\/terasa_2-300x300.jpg 300w, https:\/\/dalmos.hr\/wp-content\/uploads\/2023\/05\/terasa_2-1024x1024.jpg 1024w, https:\/\/dalmos.hr\/wp-content\/uploads\/2023\/05\/terasa_2-150x150.jpg 150w, https:\/\/dalmos.hr\/wp-content\/uploads\/2023\/05\/terasa_2-768x768.jpg 768w, https:\/\/dalmos.hr\/wp-content\/uploads\/2023\/05\/terasa_2-600x600.jpg 600w, https:\/\/dalmos.hr\/wp-content\/uploads\/2023\/05\/terasa_2-100x100.jpg 100w, https:\/\/dalmos.hr\/wp-content\/uploads\/2023\/05\/terasa_2-1000x1000.jpg 1000w\" sizes=\"auto, (max-width: 1200px) 100vw, 1200px\" \/><\/figure><\/div><\/div>[\/vc_column][vc_column width=&#8221;1\/2&#8243; css=&#8221;.vc_custom_1684329783704{padding-top: 4vw !important;padding-right: 4vw !important;padding-bottom: 4vw !important;padding-left: 4vw !important;background-position: center !important;background-repeat: no-repeat !important;background-size: cover !important;}&#8221; min_height=&#8221;650px&#8221;]<div class=\"vcex-heading vcex-module wpex-text-2xl wpex-font-normal wpex-m-auto wpex-max-w-100 vcex-heading-plain wpex-block wpex-mb-25 wpex-text-center\" style=\"font-size:42px;\"><span class=\"vcex-heading-inner wpex-inline-block wpex-clr\">Vi\u0161e o na\u0161im ku\u0107icama<\/span><\/div>[vc_column_text text_align=&#8221;center&#8221; align=&#8221;center&#8221; width=&#8221;700px&#8221;]Mo\u017eete birati izme\u0111u 2 tipova mobilnih kucica: Dalmos 2 mobile homes i Dalmos 1 Lux mobile homes sa jaccuzijem koja \u0107e zajam\u010deno zadovoljiti i najzahtjevnije goste. Svi tipovi mobilnih ku\u0107ica mogu se rezervirati online ili izravno putem na\u0161eg odjela za rezervacije.<\/p>\n<p>Psi su dobrodo\u0161li u na\u0161im mobilnim ku\u0107icama, ali ako putujete sa svojim ku\u0107nim ljubimcem javite nam unaprijed jer psi nisu dopu\u0161teni u ba\u0161 svim mobilnim ku\u0107icama (zbog gostiju s alergijom na dlaku).<\/p>\n<p>Svaka od na\u0161ih mobilnih ku\u0107ica nudi komfor vlastitog doma. U modernom i funkcionalnom dizajnu mobilnih ku\u0107ica prevladaju svijetle boje i velike staklene povr\u0161ine. Smje\u0161tene su u jednoj od najljep\u0161ih mjesta u Kampu Klenovica blizu mora. Imaju prostranu terasu s koje mo\u017eete u\u017eivati u \u0161umu morskih valova i nezaboravnim zalascima sunca.[\/vc_column_text][vc_row_inner gap=&#8221;30&#8243; css=&#8221;.vc_custom_1684331099941{padding-top: 30px !important;padding-right: 30px !important;padding-bottom: 30px !important;padding-left: 30px !important;}&#8221;][vc_column_inner width=&#8221;1\/2&#8243;]<div class=\"vcex-module vcex-bullets vcex-bullets-check\">\n<ul>\n<li>Smje\u0161taj za 5+1 osobu<\/li>\n<li>Dimenzije: 9 x 4 m<\/li>\n<li>Osigurano parkirno mjesto<\/li>\n<li>2 spava\u0107e sobe (jedna soba sa bra\u010dnim krevetom, jedna soba sa francuskim le\u017eajem + sa krevetom za jednu osobu<\/li>\n<li>Prostrani dnevni boravak<\/li>\n<li>Funkcionalna i potpuno opremljena kuhinja<\/li>\n<li>Posu\u0111e za kuhanje i jelo<\/li>\n<\/ul>\n<\/div>[\/vc_column_inner][vc_column_inner width=&#8221;1\/2&#8243;]<div class=\"vcex-module vcex-bullets vcex-bullets-check\">\n<ul>\n<li>Kupaonica s tu\u0161em, umivaonikom i sanitarnim \u010dvorom<\/li>\n<li>Ru\u010dnici i posteljina<\/li>\n<li>Satelitski program<\/li>\n<li>Klimatizacijski ure\u0111aj<\/li>\n<li>Prostrana natkrivena terasa<\/li>\n<li>Vanjska garnitura za sjedenje za \u0161est osoba + 1 le\u017ealjke<\/li>\n<li>20 m od mora do divlje plaze<\/li>\n<li>100m do pjescane plaze<\/li>\n<\/ul>\n<\/div>[\/vc_column_inner][\/vc_row_inner]<div class=\"vcex-spacing wpex-w-100 wpex-clear\" style=\"height:40px;\"><\/div><div class=\"theme-button-wrap textcenter wpex-clr\"><a href=\"https:\/\/dalmos.hr\/mobile-homes\/\" class=\"vcex-button theme-button align-center inline\"><span class=\"theme-button-inner\">Rezerviraj sada<\/span><\/a><\/div> [\/vc_column][\/vc_row]\n","protected":false},"excerpt":{"rendered":"<p>[vc_row full_width=&#8221;stretch_row&#8221; full_height=&#8221;yes&#8221; wpex_bg_overlay=&#8221;dark&#8221; css=&#8221;.vc_custom_1684322312195{padding-top: 200px !important;padding-bottom: 200px !important;background: #000000 url(https:\/\/dalmos.hr\/wp-content\/uploads\/2023\/05\/MIJ02924-HDR-Pano.jpg?id=352) !important;background-position: center !important;background-repeat: no-repeat !important;background-size: cover !important;}&#8221; el_class=&#8221;wpex-bg-accent&#8221; wpex_bg_overlay_opacity=&#8221;50%&#8221;][vc_column][vc_column_text text_align=&#8221;center&#8221; color=&#8221;#ffffff&#8221; font_size=&#8221;.9em&#8221; text_transform=&#8221;uppercase&#8221; letter_spacing=&#8221;2px&#8221; font_weight=&#8221;800&#8243;]DALMOS MOBILE HOMES[\/vc_column_text][\/vc_column][\/vc_row][vc_row full_width=&#8221;stretch_row_content_no_spaces&#8221; equal_height=&#8221;yes&#8221; remove_bottom_col_margin=&#8221;true&#8221; css=&#8221;.vc_custom_1684325366261{margin-top: 100px !important;background-color: #f6f6f6 !important;}&#8221; local_scroll_id=&#8221;ourhomes&#8221;][vc_column width=&#8221;1\/2&#8243; css=&#8221;.vc_custom_1684325446349{padding-top: 4vw !important;padding-right: 4vw !important;padding-bottom: 4vw !important;padding-left: 4vw !important;}&#8221;][vc_column_text]Unajmite mobilnu ku\u0107icu u Hrvatskoj u kampu Klenovica Kristalno&hellip;<\/p>\n","protected":false},"author":1,"featured_media":0,"parent":0,"menu_order":0,"comment_status":"closed","ping_status":"closed","template":"","meta":{"footnotes":""},"class_list":["post-604","page","type-page","status-publish","hentry","entry","no-media"],"_links":{"self":[{"href":"https:\/\/dalmos.hr\/hr\/wp-json\/wp\/v2\/pages\/604","targetHints":{"allow":["GET"]}}],"collection":[{"href":"https:\/\/dalmos.hr\/hr\/wp-json\/wp\/v2\/pages"}],"about":[{"href":"https:\/\/dalmos.hr\/hr\/wp-json\/wp\/v2\/types\/page"}],"author":[{"embeddable":true,"href":"https:\/\/dalmos.hr\/hr\/wp-json\/wp\/v2\/users\/1"}],"replies":[{"embeddable":true,"href":"https:\/\/dalmos.hr\/hr\/wp-json\/wp\/v2\/comments?post=604"}],"version-history":[{"count":7,"href":"https:\/\/dalmos.hr\/hr\/wp-json\/wp\/v2\/pages\/604\/revisions"}],"predecessor-version":[{"id":766,"href":"https:\/\/dalmos.hr\/hr\/wp-json\/wp\/v2\/pages\/604\/revisions\/766"}],"wp:attachment":[{"href":"https:\/\/dalmos.hr\/hr\/wp-json\/wp\/v2\/media?parent=604"}],"curies":[{"name":"wp","href":"https:\/\/api.w.org\/{rel}","templated":true}]}}