{"id":738,"date":"2023-06-08T07:59:01","date_gmt":"2023-06-08T07:59:01","guid":{"rendered":"https:\/\/dalmos.hr\/startseite\/"},"modified":"2023-06-12T07:38:41","modified_gmt":"2023-06-12T07:38:41","slug":"startseite","status":"publish","type":"page","link":"https:\/\/dalmos.hr\/de\/","title":{"rendered":"Startseite"},"content":{"rendered":"[vc_row full_width=&#8220;stretch_row&#8220; full_height=&#8220;yes&#8220; wpex_bg_overlay=&#8220;dark&#8220; css=&#8220;.vc_custom_1684322312195{padding-top: 200px !important;padding-bottom: 200px !important;background: #000000 url(https:\/\/dalmos.hr\/wp-content\/uploads\/2023\/05\/MIJ02924-HDR-Pano.jpg?id=352) !important;background-position: center !important;background-repeat: no-repeat !important;background-size: cover !important;}&#8220; el_class=&#8220;wpex-bg-accent&#8220; wpex_bg_overlay_opacity=&#8220;50%&#8220;][vc_column][vc_column_text text_align=&#8220;center&#8220; color=&#8220;#ffffff&#8220; font_size=&#8220;.9em&#8220; text_transform=&#8220;uppercase&#8220; letter_spacing=&#8220;2px&#8220; font_weight=&#8220;800&#8243;]DALMOS MOBILHEIME[\/vc_column_text]<div class=\"vcex-spacing wpex-w-100 wpex-clear\" style=\"height:20px;\"><\/div><style>.vcex_6a02822646f4f{font-size:3.8em!important;}@media (max-width:767px){.vcex_6a02822646f4f{font-size:2.5em!important;}}<\/style><h1 class=\"vcex-heading vcex-module wpex-text-2xl wpex-font-normal wpex-m-auto wpex-max-w-100 vcex-heading-plain wpex-block wpex-text-center vcex_6a02822646f4f\" style=\"color:#ffffff;font-weight:200;line-height:1.2;width:750px;\"><span class=\"vcex-heading-inner wpex-inline-block wpex-clr\">Erleben Sie luxuri\u00f6ses Wohnen mit atemberaubendem Meerblick!<\/span><\/h1><div class=\"vcex-spacing wpex-w-100 wpex-clear\"><\/div><style>.vcex-multi-buttons.vcex_6a028226472c8{gap:20px;}.vcex-multi-buttons.vcex_6a028226472c8 .theme-button,.vcex-multi-buttons.vcex_6a028226472c8 .theme-txt-link{border-width:2px;font-size:14px;letter-spacing:2px;}<\/style><div class=\"vcex-multi-buttons wpex-flex wpex-flex-wrap wpex-items-center wpex-gap-10 wpex-justify-center vcex_6a028226472c8\"><a href=\"#ourhomes\" class=\"theme-button flat outline-transparent wpex-text-center vcex-count-1\">VIEW OUR HOMES<\/a><a href=\"https:\/\/dalmos.hr\/mobile-homes\/\" class=\"theme-button outline white local-scroll-link wpex-text-center vcex-count-2\">BOOK NOW<\/a><\/div>[\/vc_column][\/vc_row][vc_row full_width=&#8220;stretch_row_content_no_spaces&#8220; equal_height=&#8220;yes&#8220; remove_bottom_col_margin=&#8220;true&#8220; css=&#8220;.vc_custom_1684325366261{margin-top: 100px !important;background-color: #f6f6f6 !important;}&#8220; local_scroll_id=&#8220;ourhomes&#8220;][vc_column width=&#8220;1\/2&#8243; css=&#8220;.vc_custom_1684325446349{padding-top: 4vw !important;padding-right: 4vw !important;padding-bottom: 4vw !important;padding-left: 4vw !important;}&#8220;]<div class=\"vcex-heading vcex-module wpex-text-2xl wpex-font-normal wpex-m-auto wpex-max-w-100 vcex-heading-plain wpex-block wpex-mb-25 wpex-text-left\" style=\"font-size:36px;\"><span class=\"vcex-heading-inner wpex-inline-block wpex-clr\">Mobilheime im Camp Klenovica<\/span><\/div>[vc_column_text]<strong>Mieten Sie Mobilheime in Autocamp Klenovica, Kroatien<\/strong><\/p>\n<p>Kristallklares Meer, angenehmes mediterranes Klima, und das perfekte Ziel f\u00fcr Camping in Mobilheimen. Das Unternehmen Dalmos d.o.o. freut sich, die Einf\u00fchrung eines eigenen Angebots an luxuri\u00f6sen Mobilheimen zur Miete an der sch\u00f6nsten Stelle des Campingplatzes bekannt zu geben.<\/p>\n<p><strong>Camping in luxuri\u00f6sen Mobilheimen<\/strong><\/p>\n<p>Unsere Mobilheime bieten luxuri\u00f6se Unterk\u00fcnfte und stellen eine Revolution im kroatischen Campingtorusimus dar. Komfort und Luxus auf dem gleichen Niveau wie in einem Hotelzimmer, w\u00e4hren Sie gleichzeitig mit der Natur im Kontakt bleiben. Die wundersch\u00f6ne Natur, die jedes userer Mobilheime umgibt, schafft eine wunderbare Atmosph\u00e4re mit Blick auf das Meer und die einzigartige Insel Krk.[\/vc_column_text]<div class=\"vcex-spacing wpex-w-100 wpex-clear\" style=\"height:40px;\"><\/div><a href=\"#about\" class=\"vcex-button theme-button inline\"><span class=\"theme-button-inner\">Weitere Details anzeigen<\/span><\/a> [\/vc_column][vc_column width=&#8220;1\/2&#8243; css=&#8220;.vc_custom_1684325294749{background-image: url(https:\/\/dalmos.hr\/wp-content\/uploads\/2023\/05\/homepage_dalmos_holyday_lux.jpg?id=378) !important;background-position: center !important;background-repeat: no-repeat !important;background-size: cover !important;}&#8220; min_height=&#8220;650px&#8220;][\/vc_column][\/vc_row][vc_row full_width=&#8220;stretch_row_content_no_spaces&#8220; full_height=&#8220;yes&#8220; equal_height=&#8220;yes&#8220; remove_bottom_col_margin=&#8220;true&#8220; css=&#8220;.vc_custom_1684330166643{background-color: #f6f6f6 !important;}&#8220; local_scroll_id=&#8220;about&#8220;][vc_column width=&#8220;1\/2&#8243;]<style>.vcex_6a02822648307{--wpex-carousel-gap:0px;}.vcex_6a02822648307{--wpex-carousel-columns:1;}.vcex_6a02822648307.wpex-carousel:not(.owl-loaded) > *:not(:nth-child(1n+2)) {display: flex !important;}@media only screen and (min-width: 480px) {.vcex_6a02822648307{--wpex-carousel-columns:1;}.vcex_6a02822648307.wpex-carousel:not(.owl-loaded) > *:not(:nth-child(1n+2)) {display: flex !important;}}@media only screen and (min-width: 768px) {.vcex_6a02822648307{--wpex-carousel-columns:1;}.vcex_6a02822648307.wpex-carousel:not(.owl-loaded) > *:not(:nth-child(1n+2)) {display: flex !important;}}@media only screen and (min-width: 960px) {.vcex_6a02822648307{--wpex-carousel-columns:1;}.vcex_6a02822648307.wpex-carousel:not(.owl-loaded) > *:not(:nth-child(1n+2)) {display: flex !important;}}<\/style><div class=\"vcex-module wpex-carousel wpex-carousel-images wpex-clr owl-carousel wpex-carousel--render-onload vcex_6a02822648307 no-margins arrwstyle-circle arrwpos-abs\" data-wpex-carousel=\"{&quot;autoplay&quot;:&quot;true&quot;,&quot;items&quot;:1,&quot;autoplayTimeout&quot;:3000,&quot;margin&quot;:0,&quot;responsive&quot;:{&quot;0&quot;:{&quot;items&quot;:&quot;1&quot;},&quot;480&quot;:{&quot;items&quot;:1},&quot;768&quot;:{&quot;items&quot;:1},&quot;960&quot;:{&quot;items&quot;:1}}}\"><div class=\"wpex-carousel-slide\"><figure class=\"wpex-carousel-entry-media entry-media\"><img loading=\"lazy\" decoding=\"async\" width=\"1200\" height=\"1200\" src=\"https:\/\/dalmos.hr\/wp-content\/uploads\/2023\/05\/dnevni_boravak_1.jpg\" class=\"wpex-align-middle skip-lazy\" alt=\"\" data-no-lazy=\"1\" srcset=\"https:\/\/dalmos.hr\/wp-content\/uploads\/2023\/05\/dnevni_boravak_1.jpg 1200w, https:\/\/dalmos.hr\/wp-content\/uploads\/2023\/05\/dnevni_boravak_1-300x300.jpg 300w, https:\/\/dalmos.hr\/wp-content\/uploads\/2023\/05\/dnevni_boravak_1-1024x1024.jpg 1024w, https:\/\/dalmos.hr\/wp-content\/uploads\/2023\/05\/dnevni_boravak_1-150x150.jpg 150w, https:\/\/dalmos.hr\/wp-content\/uploads\/2023\/05\/dnevni_boravak_1-768x768.jpg 768w, https:\/\/dalmos.hr\/wp-content\/uploads\/2023\/05\/dnevni_boravak_1-600x600.jpg 600w, https:\/\/dalmos.hr\/wp-content\/uploads\/2023\/05\/dnevni_boravak_1-100x100.jpg 100w, https:\/\/dalmos.hr\/wp-content\/uploads\/2023\/05\/dnevni_boravak_1-1000x1000.jpg 1000w\" sizes=\"auto, (max-width: 1200px) 100vw, 1200px\" \/><\/figure><\/div><div class=\"wpex-carousel-slide\"><figure class=\"wpex-carousel-entry-media entry-media\"><img loading=\"lazy\" decoding=\"async\" width=\"1200\" height=\"1200\" src=\"https:\/\/dalmos.hr\/wp-content\/uploads\/2023\/05\/dnevni_boravak_2.jpg\" class=\"wpex-align-middle skip-lazy\" alt=\"\" data-no-lazy=\"1\" srcset=\"https:\/\/dalmos.hr\/wp-content\/uploads\/2023\/05\/dnevni_boravak_2.jpg 1200w, https:\/\/dalmos.hr\/wp-content\/uploads\/2023\/05\/dnevni_boravak_2-300x300.jpg 300w, https:\/\/dalmos.hr\/wp-content\/uploads\/2023\/05\/dnevni_boravak_2-1024x1024.jpg 1024w, https:\/\/dalmos.hr\/wp-content\/uploads\/2023\/05\/dnevni_boravak_2-150x150.jpg 150w, https:\/\/dalmos.hr\/wp-content\/uploads\/2023\/05\/dnevni_boravak_2-768x768.jpg 768w, https:\/\/dalmos.hr\/wp-content\/uploads\/2023\/05\/dnevni_boravak_2-600x600.jpg 600w, https:\/\/dalmos.hr\/wp-content\/uploads\/2023\/05\/dnevni_boravak_2-100x100.jpg 100w, https:\/\/dalmos.hr\/wp-content\/uploads\/2023\/05\/dnevni_boravak_2-1000x1000.jpg 1000w\" sizes=\"auto, (max-width: 1200px) 100vw, 1200px\" \/><\/figure><\/div><div class=\"wpex-carousel-slide\"><figure class=\"wpex-carousel-entry-media entry-media\"><img loading=\"lazy\" decoding=\"async\" width=\"1200\" height=\"1200\" src=\"https:\/\/dalmos.hr\/wp-content\/uploads\/2023\/05\/spavaca_1.jpg\" class=\"wpex-align-middle skip-lazy\" alt=\"\" data-no-lazy=\"1\" srcset=\"https:\/\/dalmos.hr\/wp-content\/uploads\/2023\/05\/spavaca_1.jpg 1200w, https:\/\/dalmos.hr\/wp-content\/uploads\/2023\/05\/spavaca_1-300x300.jpg 300w, https:\/\/dalmos.hr\/wp-content\/uploads\/2023\/05\/spavaca_1-1024x1024.jpg 1024w, https:\/\/dalmos.hr\/wp-content\/uploads\/2023\/05\/spavaca_1-150x150.jpg 150w, https:\/\/dalmos.hr\/wp-content\/uploads\/2023\/05\/spavaca_1-768x768.jpg 768w, https:\/\/dalmos.hr\/wp-content\/uploads\/2023\/05\/spavaca_1-600x600.jpg 600w, https:\/\/dalmos.hr\/wp-content\/uploads\/2023\/05\/spavaca_1-100x100.jpg 100w, https:\/\/dalmos.hr\/wp-content\/uploads\/2023\/05\/spavaca_1-1000x1000.jpg 1000w\" sizes=\"auto, (max-width: 1200px) 100vw, 1200px\" \/><\/figure><\/div><div class=\"wpex-carousel-slide\"><figure class=\"wpex-carousel-entry-media entry-media\"><img loading=\"lazy\" decoding=\"async\" width=\"1200\" height=\"1200\" src=\"https:\/\/dalmos.hr\/wp-content\/uploads\/2023\/05\/kupatilo_1.jpg\" class=\"wpex-align-middle skip-lazy\" alt=\"\" data-no-lazy=\"1\" srcset=\"https:\/\/dalmos.hr\/wp-content\/uploads\/2023\/05\/kupatilo_1.jpg 1200w, https:\/\/dalmos.hr\/wp-content\/uploads\/2023\/05\/kupatilo_1-300x300.jpg 300w, https:\/\/dalmos.hr\/wp-content\/uploads\/2023\/05\/kupatilo_1-1024x1024.jpg 1024w, https:\/\/dalmos.hr\/wp-content\/uploads\/2023\/05\/kupatilo_1-150x150.jpg 150w, https:\/\/dalmos.hr\/wp-content\/uploads\/2023\/05\/kupatilo_1-768x768.jpg 768w, https:\/\/dalmos.hr\/wp-content\/uploads\/2023\/05\/kupatilo_1-600x600.jpg 600w, https:\/\/dalmos.hr\/wp-content\/uploads\/2023\/05\/kupatilo_1-100x100.jpg 100w, https:\/\/dalmos.hr\/wp-content\/uploads\/2023\/05\/kupatilo_1-1000x1000.jpg 1000w\" sizes=\"auto, (max-width: 1200px) 100vw, 1200px\" \/><\/figure><\/div><div class=\"wpex-carousel-slide\"><figure class=\"wpex-carousel-entry-media entry-media\"><img loading=\"lazy\" decoding=\"async\" width=\"1200\" height=\"1200\" src=\"https:\/\/dalmos.hr\/wp-content\/uploads\/2023\/05\/spavaca_2.jpg\" class=\"wpex-align-middle skip-lazy\" alt=\"\" data-no-lazy=\"1\" srcset=\"https:\/\/dalmos.hr\/wp-content\/uploads\/2023\/05\/spavaca_2.jpg 1200w, https:\/\/dalmos.hr\/wp-content\/uploads\/2023\/05\/spavaca_2-300x300.jpg 300w, https:\/\/dalmos.hr\/wp-content\/uploads\/2023\/05\/spavaca_2-1024x1024.jpg 1024w, https:\/\/dalmos.hr\/wp-content\/uploads\/2023\/05\/spavaca_2-150x150.jpg 150w, https:\/\/dalmos.hr\/wp-content\/uploads\/2023\/05\/spavaca_2-768x768.jpg 768w, https:\/\/dalmos.hr\/wp-content\/uploads\/2023\/05\/spavaca_2-600x600.jpg 600w, https:\/\/dalmos.hr\/wp-content\/uploads\/2023\/05\/spavaca_2-100x100.jpg 100w, https:\/\/dalmos.hr\/wp-content\/uploads\/2023\/05\/spavaca_2-1000x1000.jpg 1000w\" sizes=\"auto, (max-width: 1200px) 100vw, 1200px\" \/><\/figure><\/div><div class=\"wpex-carousel-slide\"><figure class=\"wpex-carousel-entry-media entry-media\"><img loading=\"lazy\" decoding=\"async\" width=\"1200\" height=\"1200\" src=\"https:\/\/dalmos.hr\/wp-content\/uploads\/2023\/05\/terasa_1.jpg\" class=\"wpex-align-middle skip-lazy\" alt=\"\" data-no-lazy=\"1\" srcset=\"https:\/\/dalmos.hr\/wp-content\/uploads\/2023\/05\/terasa_1.jpg 1200w, https:\/\/dalmos.hr\/wp-content\/uploads\/2023\/05\/terasa_1-300x300.jpg 300w, https:\/\/dalmos.hr\/wp-content\/uploads\/2023\/05\/terasa_1-1024x1024.jpg 1024w, https:\/\/dalmos.hr\/wp-content\/uploads\/2023\/05\/terasa_1-150x150.jpg 150w, https:\/\/dalmos.hr\/wp-content\/uploads\/2023\/05\/terasa_1-768x768.jpg 768w, https:\/\/dalmos.hr\/wp-content\/uploads\/2023\/05\/terasa_1-600x600.jpg 600w, https:\/\/dalmos.hr\/wp-content\/uploads\/2023\/05\/terasa_1-100x100.jpg 100w, https:\/\/dalmos.hr\/wp-content\/uploads\/2023\/05\/terasa_1-1000x1000.jpg 1000w\" sizes=\"auto, (max-width: 1200px) 100vw, 1200px\" \/><\/figure><\/div><div class=\"wpex-carousel-slide\"><figure class=\"wpex-carousel-entry-media entry-media\"><img loading=\"lazy\" decoding=\"async\" width=\"1200\" height=\"1200\" src=\"https:\/\/dalmos.hr\/wp-content\/uploads\/2023\/05\/terasa_2.jpg\" class=\"wpex-align-middle skip-lazy\" alt=\"\" data-no-lazy=\"1\" srcset=\"https:\/\/dalmos.hr\/wp-content\/uploads\/2023\/05\/terasa_2.jpg 1200w, https:\/\/dalmos.hr\/wp-content\/uploads\/2023\/05\/terasa_2-300x300.jpg 300w, https:\/\/dalmos.hr\/wp-content\/uploads\/2023\/05\/terasa_2-1024x1024.jpg 1024w, https:\/\/dalmos.hr\/wp-content\/uploads\/2023\/05\/terasa_2-150x150.jpg 150w, https:\/\/dalmos.hr\/wp-content\/uploads\/2023\/05\/terasa_2-768x768.jpg 768w, https:\/\/dalmos.hr\/wp-content\/uploads\/2023\/05\/terasa_2-600x600.jpg 600w, https:\/\/dalmos.hr\/wp-content\/uploads\/2023\/05\/terasa_2-100x100.jpg 100w, https:\/\/dalmos.hr\/wp-content\/uploads\/2023\/05\/terasa_2-1000x1000.jpg 1000w\" sizes=\"auto, (max-width: 1200px) 100vw, 1200px\" \/><\/figure><\/div><\/div>[\/vc_column][vc_column width=&#8220;1\/2&#8243; css=&#8220;.vc_custom_1684329783704{padding-top: 4vw !important;padding-right: 4vw !important;padding-bottom: 4vw !important;padding-left: 4vw !important;background-position: center !important;background-repeat: no-repeat !important;background-size: cover !important;}&#8220; min_height=&#8220;650px&#8220;]<div class=\"vcex-heading vcex-module wpex-text-2xl wpex-font-normal wpex-m-auto wpex-max-w-100 vcex-heading-plain wpex-block wpex-mb-25 wpex-text-center\" style=\"font-size:42px;\"><span class=\"vcex-heading-inner wpex-inline-block wpex-clr\">\u00dcber unsere Mobilheime<\/span><\/div>[vc_column_text text_align=&#8220;center&#8220; align=&#8220;center&#8220; width=&#8220;700px&#8220;]Sie k\u00f6nnen zwischen 2 Arten von Mobilheimen w\u00e4hlen: 1. Mobilheime Dalmos 2. Mobilheime Dalmos 1 Lux mit Whirlpool, die garantiert auch die anspruchsvollsten G\u00e4sten zufriedenstellen.<\/p>\n<p>Hunde sind in unseren Mobilheimen willkommen, aber wenn Sie mit ihrem Haustier reisen, teilen Sie uns dies bitte im Voraus mit, da nicht alle Mobilheime Hunde erlauben (aufgrund von G\u00e4sten mit Haarallergien).<\/p>\n<p>Jedes unserer Mobilheime bietet den Komfort Ihres eigenen Zuhauses. Helle Farben und gro\u00dfe Glasfl\u00e4chen dominieren im modernen und funktionalen Design. Sie befinden sich an einem der sch\u00f6nsten Orte im Klenovica Camp in der N\u00e4he des Meeres. Sie verf\u00fcgen \u00fcber eine ger\u00e4umige Terrasse, von der aus Sie den Wald der Meereswellen und unvergessliche Sonnenunterg\u00e4nge genie\u00dfen k\u00f6nnen.[\/vc_column_text][vc_row_inner gap=&#8220;30&#8243; css=&#8220;.vc_custom_1684331099941{padding-top: 30px !important;padding-right: 30px !important;padding-bottom: 30px !important;padding-left: 30px !important;}&#8220;][vc_column_inner width=&#8220;1\/2&#8243;]<div class=\"vcex-module vcex-bullets vcex-bullets-check\">\n<ul>\n<li>Unterkunft f\u00fcr 5+1 Personen<\/li>\n<li>Abmessungen: 9 x 4 m<\/li>\n<li>Gesicherter Parkplatz<\/li>\n<li>2 Schlafzimmer (ein Zimmer mit Doppelbett, ein Zimmer mit Doppelbett + Einzelbett)<\/li>\n<li>Ger\u00e4umiges Wohnzimmer<\/li>\n<li>Funktionelle und voll ausgestattete K\u00fcche<\/li>\n<li>Utensilien zum Kochen und Essen<\/li>\n<\/ul>\n<\/div>[\/vc_column_inner][vc_column_inner width=&#8220;1\/2&#8243;]<div class=\"vcex-module vcex-bullets vcex-bullets-check\">\n<ul>\n<li>Badezimmer mit Dusche, Waschbecken und Toilette<\/li>\n<li>Handt\u00fccher und Bettw\u00e4sche<\/li>\n<li>Satellitenprogramm<\/li>\n<li>Klimaanlage<\/li>\n<li>Ger\u00e4umige \u00fcberdachte Terrasse<\/li>\n<li>Sitzgelegenheiten im Freien f\u00fcr sechs Personen + 1 Liegestuhl<\/li>\n<li>20 m vom Meer bis zum wilden Strand<\/li>\n<li>100m zum Sandstrand<\/li>\n<\/ul>\n<\/div>[\/vc_column_inner][\/vc_row_inner]<div class=\"vcex-spacing wpex-w-100 wpex-clear\" style=\"height:40px;\"><\/div><div class=\"theme-button-wrap textcenter wpex-clr\"><a href=\"https:\/\/dalmos.hr\/mobile-homes\/\" class=\"vcex-button theme-button align-center inline\"><span class=\"theme-button-inner\">Jetzt buchen<\/span><\/a><\/div> [\/vc_column][\/vc_row]\n","protected":false},"excerpt":{"rendered":"<p>[vc_row full_width=&#8220;stretch_row&#8220; full_height=&#8220;yes&#8220; wpex_bg_overlay=&#8220;dark&#8220; css=&#8220;.vc_custom_1684322312195{padding-top: 200px !important;padding-bottom: 200px !important;background: #000000 url(https:\/\/dalmos.hr\/wp-content\/uploads\/2023\/05\/MIJ02924-HDR-Pano.jpg?id=352) !important;background-position: center !important;background-repeat: no-repeat !important;background-size: cover !important;}&#8220; el_class=&#8220;wpex-bg-accent&#8220; wpex_bg_overlay_opacity=&#8220;50%&#8220;][vc_column][vc_column_text text_align=&#8220;center&#8220; color=&#8220;#ffffff&#8220; font_size=&#8220;.9em&#8220; text_transform=&#8220;uppercase&#8220; letter_spacing=&#8220;2px&#8220; font_weight=&#8220;800&#8243;]DALMOS MOBILHEIME[\/vc_column_text][\/vc_column][\/vc_row][vc_row full_width=&#8220;stretch_row_content_no_spaces&#8220; equal_height=&#8220;yes&#8220; remove_bottom_col_margin=&#8220;true&#8220; css=&#8220;.vc_custom_1684325366261{margin-top: 100px !important;background-color: #f6f6f6 !important;}&#8220; local_scroll_id=&#8220;ourhomes&#8220;][vc_column width=&#8220;1\/2&#8243; css=&#8220;.vc_custom_1684325446349{padding-top: 4vw !important;padding-right: 4vw !important;padding-bottom: 4vw !important;padding-left: 4vw !important;}&#8220;][vc_column_text]Mieten Sie Mobilheime in Autocamp Klenovica, Kroatien Kristallklares Meer, angenehmes&hellip;<\/p>\n","protected":false},"author":1,"featured_media":0,"parent":0,"menu_order":0,"comment_status":"closed","ping_status":"closed","template":"","meta":{"footnotes":""},"class_list":["post-738","page","type-page","status-publish","hentry","entry","no-media"],"_links":{"self":[{"href":"https:\/\/dalmos.hr\/de\/wp-json\/wp\/v2\/pages\/738","targetHints":{"allow":["GET"]}}],"collection":[{"href":"https:\/\/dalmos.hr\/de\/wp-json\/wp\/v2\/pages"}],"about":[{"href":"https:\/\/dalmos.hr\/de\/wp-json\/wp\/v2\/types\/page"}],"author":[{"embeddable":true,"href":"https:\/\/dalmos.hr\/de\/wp-json\/wp\/v2\/users\/1"}],"replies":[{"embeddable":true,"href":"https:\/\/dalmos.hr\/de\/wp-json\/wp\/v2\/comments?post=738"}],"version-history":[{"count":5,"href":"https:\/\/dalmos.hr\/de\/wp-json\/wp\/v2\/pages\/738\/revisions"}],"predecessor-version":[{"id":759,"href":"https:\/\/dalmos.hr\/de\/wp-json\/wp\/v2\/pages\/738\/revisions\/759"}],"wp:attachment":[{"href":"https:\/\/dalmos.hr\/de\/wp-json\/wp\/v2\/media?parent=738"}],"curies":[{"name":"wp","href":"https:\/\/api.w.org\/{rel}","templated":true}]}}